{"id":1198,"date":"2021-05-17T19:43:29","date_gmt":"2021-05-17T18:43:29","guid":{"rendered":"https:\/\/www.kinosursee.ch\/?page_id=1198"},"modified":"2026-03-29T11:30:54","modified_gmt":"2026-03-29T10:30:54","slug":"das-ist-der-zweite-film","status":"publish","type":"page","link":"https:\/\/www.kinosursee.ch\/?page_id=1198","title":{"rendered":"das ist der zweite Film"},"content":{"rendered":"<div data-colibri-id=\"1198-c1\" class=\"style-982 style-local-1198-c1 position-relative\">\n  <!---->\n  <div data-colibri-component=\"section\" data-colibri-id=\"1198-c2\" id=\"about\" class=\"h-section h-section-global-spacing d-flex align-items-lg-center align-items-md-center align-items-center style-983 style-local-1198-c2 position-relative\">\n    <!---->\n    <!---->\n    <div class=\"h-section-grid-container h-section-boxed-container\">\n      <!---->\n      <div data-colibri-id=\"1198-c3\" class=\"h-row-container gutters-row-lg-2 gutters-row-md-2 gutters-row-2 gutters-row-v-lg-2 gutters-row-v-md-2 gutters-row-v-2 style-984 style-local-1198-c3 position-relative\">\n        <!---->\n        <div class=\"h-row justify-content-lg-center justify-content-md-center justify-content-center align-items-lg-center align-items-md-center align-items-center gutters-col-lg-2 gutters-col-md-2 gutters-col-2 gutters-col-v-lg-2 gutters-col-v-md-2 gutters-col-v-2\">\n          <!---->\n          <div class=\"h-column h-column-container d-flex h-col-lg-auto h-col-md-auto h-col-auto align-self-lg-center align-self-md-center align-self-center style-985-outer style-local-1198-c4-outer\">\n            <div data-colibri-id=\"1198-c4\" class=\"d-flex h-flex-basis h-column__inner h-px-lg-0 h-px-md-0 h-px-0 v-inner-lg-0 v-inner-md-0 v-inner-0 style-985 style-local-1198-c4 position-relative\">\n              <!---->\n              <!---->\n              <div class=\"w-100 h-y-container h-column__content h-column__v-align flex-basis-100 align-self-lg-center align-self-md-center align-self-center\">\n                <!---->\n                <div data-colibri-id=\"1198-c5\" class=\"h-row-container gutters-row-lg-0 gutters-row-md-0 gutters-row-0 gutters-row-v-lg-0 gutters-row-v-md-0 gutters-row-v-0 style-986 style-local-1198-c5 position-relative\">\n                  <!---->\n                  <div class=\"h-row justify-content-lg-start justify-content-md-start justify-content-center align-items-lg-stretch align-items-md-stretch align-items-stretch gutters-col-lg-0 gutters-col-md-0 gutters-col-0 gutters-col-v-lg-0 gutters-col-v-md-0 gutters-col-v-0\">\n                    <!---->\n                    <div class=\"h-column h-column-container d-flex h-col-lg-auto h-col-md-auto h-col-auto style-987-outer style-local-1198-c6-outer\">\n                      <div data-colibri-id=\"1198-c6\" class=\"d-flex h-flex-basis h-column__inner h-px-lg-0 h-px-md-0 h-px-0 v-inner-lg-0 v-inner-md-0 v-inner-0 style-987 style-local-1198-c6 position-relative\">\n                        <!---->\n                        <!---->\n                        <div class=\"w-100 h-y-container h-column__content h-column__v-align flex-basis-auto align-self-lg-start align-self-md-start align-self-center\">\n                          <!---->\n                          <div data-colibri-id=\"1198-c7\" class=\"h-global-transition-all h-heading style-988 style-local-1198-c7 position-relative h-element\">\n                            <!---->\n                            <div class=\"h-heading__outer style-988 style-local-1198-c7\">\n                              <!---->\n                              <!---->\n                              <h4 class=\"\"><em style=\"font-family: &quot;Playfair Display&quot;; color: rgb(32, 42, 84);\">Hallo Betty<\/em><\/h4>\n                            <\/div>\n                          <\/div>\n                        <\/div>\n                      <\/div>\n                    <\/div>\n                  <\/div>\n                <\/div>\n                <div data-colibri-id=\"1198-c8\" class=\"h-global-transition-all h-heading style-961 style-local-1198-c8 position-relative h-element\">\n                  <!---->\n                  <div class=\"h-heading__outer style-961 style-local-1198-c8\">\n                    <!---->\n                    <!---->\n                    <h6 class=\"\"><span style=\"font-size: 98%; color: rgb(32, 42, 84);\">Die Geschichte von Hallo Betty spielt 1956, als Emmi Creola als Werbetexterin die Produkte einer Speise\u00f6lfirma vermarkten soll. Trotz fehlender Unterst\u00fctzung ihrer Agentur erschafft sie in Anlehnung an Betty Crocker die Kunstfigur Betty Bossi, die schon bald jede Menge Fanpost erh\u00e4lt und die Leute glauben l\u00e4sst, dass es Frau Bossi tats\u00e4chlich gibt. Die eher zur\u00fcckhaltende Emmi ger\u00e4t unversehens ins Rampenlicht der \u00d6ffentlichkeit und erk\u00e4mpft sich in einer von M\u00e4nnern dominierten Welt ihren Platz trotz Neid und Missgunst.&nbsp;<\/span><\/h6>\n                  <\/div>\n                <\/div>\n                <div data-colibri-id=\"1198-c9\" class=\"h-lead h-text h-text-component style-990 style-local-1198-c9 position-relative h-element\">\n                  <!---->\n                  <!---->\n                  <div class=\"\">\n                    <p><span style=\"color: rgb(32, 42, 84); font-weight: 300; font-size: 83%; font-family: &quot;Open Sans&quot;;\">Filmgenre: Kom\u00f6die, Biografie<\/span><em style=\"color: rgb(32, 42, 84); font-weight: 300; font-size: 83%; font-family: &quot;Playfair Display&quot;;\"><br><\/em>\n                      <span\n                        style=\"color: rgb(32, 42, 84); font-weight: 300; font-size: 83%; font-family: &quot;Open Sans&quot;;\">Regie: Pierre Monnard<\/span><em style=\"color: rgb(32, 42, 84); font-weight: 300; font-size: 83%; font-family: &quot;Playfair Display&quot;;\"><br><\/em><span style=\"color: rgb(32, 42, 84); font-weight: 300; font-size: 83%; font-family: &quot;Open Sans&quot;;\">Erscheinungsjahr: 2025<\/span>\n                        <em\n                          style=\"color: rgb(32, 42, 84); font-weight: 300; font-size: 83%; font-family: &quot;Playfair Display&quot;;\">\n                          <br>\n                          <\/em><span style=\"color: rgb(32, 42, 84); font-weight: 300; font-size: 83%; font-family: &quot;Open Sans&quot;;\">L\u00e4nge: 110 Minuten<\/span><em style=\"color: rgb(32, 42, 84); font-weight: 300; font-size: 83%; font-family: &quot;Playfair Display&quot;;\"><br><\/em>\n                          <span\n                            style=\"color: rgb(32, 42, 84); font-weight: 300; font-size: 83%; font-family: &quot;Open Sans&quot;;\">Sprache: Schweizerdeutsch<\/span><em style=\"color: rgb(32, 42, 84); font-weight: 300; font-size: 83%; font-family: &quot;Playfair Display&quot;;\"><br><\/em><span style=\"color: rgb(32, 42, 84); font-weight: 300; font-size: 83%; font-family: &quot;Open Sans&quot;;\">Altersfreigabe: 6<\/span><\/p>\n                  <\/div>\n                <\/div>\n              <\/div>\n            <\/div>\n          <\/div>\n          <div class=\"h-column h-column-container d-flex h-col-lg-auto h-col-md-auto h-col-auto align-self-lg-center align-self-md-center align-self-center style-992-outer style-local-1198-c10-outer\">\n            <div data-colibri-id=\"1198-c10\" class=\"d-flex h-flex-basis h-column__inner h-px-lg-0 h-px-md-0 h-px-0 v-inner-lg-0 v-inner-md-0 v-inner-0 style-992 style-local-1198-c10 position-relative\">\n              <!---->\n              <!---->\n              <div class=\"w-100 h-y-container h-column__content h-column__v-align flex-basis-100 align-self-lg-center align-self-md-center align-self-center\">\n                <!---->\n                <div data-colibri-id=\"1198-c11\" class=\"h-multiple-image style-993 style-local-1198-c11 position-relative h-element\">\n                  <!---->\n                  <div class=\"position-relative\">\n                    <div class=\"h-multiple-image-inside-container\">\n                      <div class=\"ratio-inner\">\n                        <div data-colibri-id=\"1198-c12\" class=\"d-block style-994 style-local-1198-c12 position-relative h-element\">\n                          <!---->\n                          <div class=\"h-image__frame-container-outer\">\n                            <div class=\"h-image__frame-container\">\n                              <!---->\n                              <!---->\n                              <img loading=\"lazy\" decoding=\"async\" width=\"616\" height=\"472\" src=\"https:\/\/www.kinosursee.ch\/wp-content\/uploads\/2026\/03\/cropped-Hellobetty3.jpg\" class=\"style-993-images style-local-1198-c11-images wp-image-4363 style-994-image style-local-1198-c12-image\" alt=\"\" srcset=\"https:\/\/www.kinosursee.ch\/wp-content\/uploads\/2026\/03\/cropped-Hellobetty3.jpg 616w, https:\/\/www.kinosursee.ch\/wp-content\/uploads\/2026\/03\/cropped-Hellobetty3-300x230.jpg 300w\" sizes=\"auto, (max-width: 616px) 100vw, 616px\" \/>\n                              <div class=\"h-image__frame h-hide-lg h-hide-md h-hide-sm style-994-frameImage style-local-1198-c12-frameImage\"><\/div>\n                            <\/div>\n                          <\/div>\n                        <\/div>\n                        <div data-colibri-id=\"1198-c13\" class=\"d-block style-995 style-local-1198-c13 position-relative h-element\">\n                          <!---->\n                          <div class=\"h-image__frame-container-outer\">\n                            <div class=\"h-image__frame-container\">\n                              <!---->\n                              <div class=\"h-image__overlay style-995-overlay style-local-1198-c13-overlay\">\n                                <div class=\"overlay-layer\">\n                                  <div class=\"overlay-image-layer\" style=\"background-color: rgb(255, 255, 255); opacity: 0.5;\"><\/div>\n                                <\/div>\n                              <\/div>\n                              <img loading=\"lazy\" decoding=\"async\" width=\"1739\" height=\"1013\" src=\"https:\/\/www.kinosursee.ch\/wp-content\/uploads\/2026\/03\/cropped-Hellobetty4.jpeg\" class=\"style-993-images style-local-1198-c11-images wp-image-4365 style-995-image style-local-1198-c13-image\" alt=\"\" srcset=\"https:\/\/www.kinosursee.ch\/wp-content\/uploads\/2026\/03\/cropped-Hellobetty4.jpeg 1739w, https:\/\/www.kinosursee.ch\/wp-content\/uploads\/2026\/03\/cropped-Hellobetty4-300x175.jpeg 300w, https:\/\/www.kinosursee.ch\/wp-content\/uploads\/2026\/03\/cropped-Hellobetty4-1024x596.jpeg 1024w, https:\/\/www.kinosursee.ch\/wp-content\/uploads\/2026\/03\/cropped-Hellobetty4-768x447.jpeg 768w, https:\/\/www.kinosursee.ch\/wp-content\/uploads\/2026\/03\/cropped-Hellobetty4-1536x895.jpeg 1536w\" sizes=\"auto, (max-width: 1739px) 100vw, 1739px\" \/>\n                              <div class=\"h-image__frame h-hide-lg h-hide-md h-hide-sm style-995-frameImage style-local-1198-c13-frameImage\"><\/div>\n                            <\/div>\n                          <\/div>\n                        <\/div>\n                        <div data-colibri-id=\"1198-c14\" class=\"d-block style-1122 style-local-1198-c14 position-relative h-element\">\n                          <!---->\n                          <div class=\"h-image__frame-container-outer\">\n                            <div class=\"h-image__frame-container\">\n                              <!---->\n                              <!---->\n                              <img loading=\"lazy\" decoding=\"async\" width=\"759\" height=\"451\" src=\"https:\/\/www.kinosursee.ch\/wp-content\/uploads\/2026\/03\/cropped-Hellobetty5.jpg\" class=\"style-993-images style-local-1198-c11-images wp-image-4361 style-1122-image style-local-1198-c14-image\" alt=\"\" srcset=\"https:\/\/www.kinosursee.ch\/wp-content\/uploads\/2026\/03\/cropped-Hellobetty5.jpg 759w, https:\/\/www.kinosursee.ch\/wp-content\/uploads\/2026\/03\/cropped-Hellobetty5-300x178.jpg 300w\" sizes=\"auto, (max-width: 759px) 100vw, 759px\" \/>\n                              <div class=\"h-image__frame h-hide-lg h-hide-md h-hide-sm style-1122-frameImage style-local-1198-c14-frameImage\"><\/div>\n                            <\/div>\n                          <\/div>\n                        <\/div>\n                      <\/div>\n                    <\/div>\n                  <\/div>\n                <\/div>\n              <\/div>\n            <\/div>\n          <\/div>\n        <\/div>\n      <\/div>\n    <\/div>\n  <\/div>\n<\/div>","protected":false},"excerpt":{"rendered":"<p>Hallo Betty Die Geschichte von Hallo Betty spielt 1956, als Emmi Creola als Werbetexterin die Produkte einer Speise\u00f6lfirma vermarkten soll. Trotz fehlender Unterst\u00fctzung ihrer Agentur erschafft sie in Anlehnung an Betty Crocker die Kunstfigur Betty Bossi, die schon bald jede Menge Fanpost erh\u00e4lt und die Leute glauben l\u00e4sst, dass es Frau Bossi tats\u00e4chlich gibt. Die [&hellip;]<\/p>\n","protected":false},"author":1,"featured_media":0,"parent":0,"menu_order":0,"comment_status":"closed","ping_status":"closed","template":"page-templates\/full-width-page.php","meta":{"footnotes":""},"class_list":["post-1198","page","type-page","status-publish","hentry"],"_links":{"self":[{"href":"https:\/\/www.kinosursee.ch\/index.php?rest_route=\/wp\/v2\/pages\/1198","targetHints":{"allow":["GET"]}}],"collection":[{"href":"https:\/\/www.kinosursee.ch\/index.php?rest_route=\/wp\/v2\/pages"}],"about":[{"href":"https:\/\/www.kinosursee.ch\/index.php?rest_route=\/wp\/v2\/types\/page"}],"author":[{"embeddable":true,"href":"https:\/\/www.kinosursee.ch\/index.php?rest_route=\/wp\/v2\/users\/1"}],"replies":[{"embeddable":true,"href":"https:\/\/www.kinosursee.ch\/index.php?rest_route=%2Fwp%2Fv2%2Fcomments&post=1198"}],"version-history":[{"count":20,"href":"https:\/\/www.kinosursee.ch\/index.php?rest_route=\/wp\/v2\/pages\/1198\/revisions"}],"predecessor-version":[{"id":4565,"href":"https:\/\/www.kinosursee.ch\/index.php?rest_route=\/wp\/v2\/pages\/1198\/revisions\/4565"}],"wp:attachment":[{"href":"https:\/\/www.kinosursee.ch\/index.php?rest_route=%2Fwp%2Fv2%2Fmedia&parent=1198"}],"curies":[{"name":"wp","href":"https:\/\/api.w.org\/{rel}","templated":true}]}}