{"id":1409,"date":"2021-05-18T14:39:01","date_gmt":"2021-05-18T13:39:01","guid":{"rendered":"https:\/\/www.kinosursee.ch\/?page_id=1409"},"modified":"2026-03-14T13:17:17","modified_gmt":"2026-03-14T12:17:17","slug":"das-ist-der-dritte-film","status":"publish","type":"page","link":"https:\/\/www.kinosursee.ch\/?page_id=1409","title":{"rendered":"das ist der dritte Film"},"content":{"rendered":"<div data-colibri-id=\"1409-c1\" class=\"style-1047 style-local-1409-c1 position-relative\">\n  <!---->\n  <div data-colibri-component=\"section\" data-colibri-id=\"1409-c2\" id=\"about\" class=\"h-section h-section-global-spacing d-flex align-items-lg-center align-items-md-center align-items-center style-1048 style-local-1409-c2 position-relative\">\n    <!---->\n    <!---->\n    <div class=\"h-section-grid-container h-section-boxed-container\">\n      <!---->\n      <div data-colibri-id=\"1409-c3\" class=\"h-row-container gutters-row-lg-2 gutters-row-md-2 gutters-row-2 gutters-row-v-lg-2 gutters-row-v-md-2 gutters-row-v-2 style-1049 style-local-1409-c3 position-relative\">\n        <!---->\n        <div class=\"h-row justify-content-lg-center justify-content-md-center justify-content-center align-items-lg-center align-items-md-center align-items-center gutters-col-lg-2 gutters-col-md-2 gutters-col-2 gutters-col-v-lg-2 gutters-col-v-md-2 gutters-col-v-2\">\n          <!---->\n          <div class=\"h-column h-column-container d-flex h-col-lg-auto h-col-md-auto h-col-auto align-self-lg-center align-self-md-center align-self-center style-1050-outer style-local-1409-c4-outer\">\n            <div data-colibri-id=\"1409-c4\" class=\"d-flex h-flex-basis h-column__inner h-px-lg-0 h-px-md-0 h-px-0 v-inner-lg-0 v-inner-md-0 v-inner-0 style-1050 style-local-1409-c4 position-relative\">\n              <!---->\n              <!---->\n              <div class=\"w-100 h-y-container h-column__content h-column__v-align flex-basis-100 align-self-lg-center align-self-md-center align-self-center\">\n                <!---->\n                <div data-colibri-id=\"1409-c5\" class=\"h-row-container gutters-row-lg-0 gutters-row-md-0 gutters-row-0 gutters-row-v-lg-0 gutters-row-v-md-0 gutters-row-v-0 style-1051 style-local-1409-c5 position-relative\">\n                  <!---->\n                  <div class=\"h-row justify-content-lg-start justify-content-md-start justify-content-center align-items-lg-stretch align-items-md-stretch align-items-stretch gutters-col-lg-0 gutters-col-md-0 gutters-col-0 gutters-col-v-lg-0 gutters-col-v-md-0 gutters-col-v-0\">\n                    <!---->\n                    <div class=\"h-column h-column-container d-flex h-col-lg-auto h-col-md-auto h-col-auto style-1052-outer style-local-1409-c6-outer\">\n                      <div data-colibri-id=\"1409-c6\" class=\"d-flex h-flex-basis h-column__inner h-px-lg-0 h-px-md-0 h-px-0 v-inner-lg-0 v-inner-md-0 v-inner-0 style-1052 style-local-1409-c6 position-relative\">\n                        <!---->\n                        <!---->\n                        <div class=\"w-100 h-y-container h-column__content h-column__v-align flex-basis-auto align-self-lg-start align-self-md-start align-self-center\">\n                          <!---->\n                          <div data-colibri-id=\"1409-c7\" class=\"h-global-transition-all h-heading style-1053 style-local-1409-c7 position-relative h-element\">\n                            <!---->\n                            <div class=\"h-heading__outer style-1053 style-local-1409-c7\">\n                              <!---->\n                              <!---->\n                              <h4 class=\"\"><em style=\"font-family: &quot;Playfair Display&quot;; color: rgb(32, 42, 84);\">Mein Freund Barry<\/em><\/h4>\n                            <\/div>\n                          <\/div>\n                        <\/div>\n                      <\/div>\n                    <\/div>\n                  <\/div>\n                <\/div>\n                <div data-colibri-id=\"1409-c8\" class=\"h-lead h-text h-text-component style-1055 style-local-1409-c8 position-relative h-element\">\n                  <!---->\n                  <!---->\n                  <div class=\"\">\n                    <p><span style=\"font-size: 83%; color: rgb(32, 42, 84);\">Inmitten der malerischen Schweizer Berge strandet der 12-j\u00e4hrige Georg bei den M\u00f6nchen auf dem Grossen Sankt Bernhard Pass. Alles ist neu f\u00fcr ihn: die K\u00e4lte, die Stille und das ungewohnte Klosterleben. Doch schon bald entdeckt Georg, dass dieser besondere Ort voller kleiner Wunder steckt. Als er einen hilflosen Welpen findet, entsteht zwischen den beiden eine tiefe Freundschaft. Heimlich zieht Georg seinen Barry gross und erlebt mit ihm unvergessliche Momente. Doch als Georg seinen treuen Gef\u00e4hrten zu verlieren droht, nimmt er all seinen Mut zusammen und macht sich auf den Weg in ein riesiges Abenteuer.<\/span><\/p>\n                  <\/div>\n                <\/div>\n                <div data-colibri-id=\"1409-c9\" class=\"h-lead h-text h-text-component style-1025 style-local-1409-c9 position-relative h-element\">\n                  <!---->\n                  <!---->\n                  <div class=\"\">\n                    <p><span style=\"font-family: &quot;Open Sans&quot;; font-size: 83%; font-weight: 300; color: rgb(32, 42, 84);\">Filmgenre: Abenteuer, Drama<\/span><span style=\"font-size: 83%; color: rgb(32, 42, 84);\"><br><\/span><span style=\"font-size: 83%; color: rgb(32, 42, 84); font-family: &quot;Open Sans&quot;; font-weight: 300;\">Regie: Markus Welter<\/span>\n                      <em\n                        style=\"color: rgb(32, 42, 84); font-family: &quot;Playfair Display&quot;; font-size: 83%;\">\n                        <br>\n                        <\/em><span style=\"color: rgb(32, 42, 84); font-family: &quot;Open Sans&quot;; font-size: 83%;\">Erscheiungsjahr: 2026<\/span><span style=\"font-size: 83%; color: rgb(32, 42, 84);\"><br><\/span><span style=\"font-size: 83%; color: rgb(32, 42, 84); font-family: &quot;Open Sans&quot;;\">L\u00e4nge: 95 Minuten<\/span>\n                        <em\n                          style=\"color: rgb(32, 42, 84); font-family: &quot;Playfair Display&quot;; font-size: 83%;\">\n                          <br>\n                          <\/em><span style=\"color: rgb(32, 42, 84); font-family: &quot;Open Sans&quot;; font-size: 83%; font-weight: 300;\">Sprache: Schweizerdeutsch<\/span><em style=\"color: rgb(32, 42, 84); font-family: &quot;Playfair Display&quot;; font-size: 83%;\"><br><\/em>\n                          <span\n                            style=\"color: rgb(32, 42, 84); font-size: 83%;\">Altersfreigabe: 6<\/span>\n                    <\/p>\n                  <\/div>\n                <\/div>\n              <\/div>\n            <\/div>\n          <\/div>\n          <div class=\"h-column h-column-container d-flex h-col-lg-auto h-col-md-auto h-col-auto align-self-lg-center align-self-md-center align-self-center style-1057-outer style-local-1409-c10-outer\">\n            <div data-colibri-id=\"1409-c10\" class=\"d-flex h-flex-basis h-column__inner h-px-lg-0 h-px-md-0 h-px-0 v-inner-lg-0 v-inner-md-0 v-inner-0 style-1057 style-local-1409-c10 position-relative\">\n              <!---->\n              <!---->\n              <div class=\"w-100 h-y-container h-column__content h-column__v-align flex-basis-100 align-self-lg-center align-self-md-center align-self-center\">\n                <!---->\n                <div data-colibri-id=\"1409-c11\" class=\"h-multiple-image style-1058 style-local-1409-c11 position-relative h-element\">\n                  <!---->\n                  <div class=\"position-relative\">\n                    <div class=\"h-multiple-image-inside-container\">\n                      <div class=\"ratio-inner\">\n                        <div data-colibri-id=\"1409-c12\" class=\"d-block style-1059 style-local-1409-c12 position-relative h-element\">\n                          <!---->\n                          <div class=\"h-image__frame-container-outer\">\n                            <div class=\"h-image__frame-container\">\n                              <!---->\n                              <!---->\n                              <img loading=\"lazy\" decoding=\"async\" width=\"1316\" height=\"899\" src=\"https:\/\/www.kinosursee.ch\/wp-content\/uploads\/2026\/03\/cropped-Barry3.jpg\" class=\"style-1058-images style-local-1409-c11-images wp-image-4392 style-1059-image style-local-1409-c12-image\" alt=\"\" srcset=\"https:\/\/www.kinosursee.ch\/wp-content\/uploads\/2026\/03\/cropped-Barry3.jpg 1316w, https:\/\/www.kinosursee.ch\/wp-content\/uploads\/2026\/03\/cropped-Barry3-300x205.jpg 300w, https:\/\/www.kinosursee.ch\/wp-content\/uploads\/2026\/03\/cropped-Barry3-1024x700.jpg 1024w, https:\/\/www.kinosursee.ch\/wp-content\/uploads\/2026\/03\/cropped-Barry3-768x525.jpg 768w\" sizes=\"auto, (max-width: 1316px) 100vw, 1316px\" \/>\n                              <div class=\"h-image__frame h-hide-lg h-hide-md h-hide-sm style-1059-frameImage style-local-1409-c12-frameImage\"><\/div>\n                            <\/div>\n                          <\/div>\n                        <\/div>\n                        <div data-colibri-id=\"1409-c13\" class=\"d-block style-1060 style-local-1409-c13 position-relative h-element\">\n                          <!---->\n                          <div class=\"h-image__frame-container-outer\">\n                            <div class=\"h-image__frame-container\">\n                              <!---->\n                              <div class=\"h-image__overlay style-1060-overlay style-local-1409-c13-overlay\">\n                                <div class=\"overlay-layer\">\n                                  <div class=\"overlay-image-layer\" style=\"background-color: rgb(255, 255, 255); opacity: 0.5;\"><\/div>\n                                <\/div>\n                              <\/div>\n                              <img loading=\"lazy\" decoding=\"async\" width=\"1280\" height=\"720\" src=\"https:\/\/www.kinosursee.ch\/wp-content\/uploads\/2026\/03\/cropped-Barry2.jpg\" class=\"style-1058-images style-local-1409-c11-images wp-image-4389 style-1060-image style-local-1409-c13-image\" alt=\"\" srcset=\"https:\/\/www.kinosursee.ch\/wp-content\/uploads\/2026\/03\/cropped-Barry2.jpg 1280w, https:\/\/www.kinosursee.ch\/wp-content\/uploads\/2026\/03\/cropped-Barry2-300x169.jpg 300w, https:\/\/www.kinosursee.ch\/wp-content\/uploads\/2026\/03\/cropped-Barry2-1024x576.jpg 1024w, https:\/\/www.kinosursee.ch\/wp-content\/uploads\/2026\/03\/cropped-Barry2-768x432.jpg 768w\" sizes=\"auto, (max-width: 1280px) 100vw, 1280px\" \/>\n                              <div class=\"h-image__frame h-hide-lg h-hide-md h-hide-sm style-1060-frameImage style-local-1409-c13-frameImage\"><\/div>\n                            <\/div>\n                          <\/div>\n                        <\/div>\n                        <div data-colibri-id=\"1409-c15\" class=\"d-block style-1216 style-local-1409-c15 position-relative h-element\">\n                          <!---->\n                          <div class=\"h-image__frame-container-outer\">\n                            <div class=\"h-image__frame-container\">\n                              <!---->\n                              <!---->\n                              <img loading=\"lazy\" decoding=\"async\" width=\"1000\" height=\"500\" src=\"https:\/\/www.kinosursee.ch\/wp-content\/uploads\/2026\/03\/cropped-Barry4.jpg\" class=\"style-1058-images style-local-1409-c11-images wp-image-4394 style-1216-image style-local-1409-c15-image\" alt=\"\" srcset=\"https:\/\/www.kinosursee.ch\/wp-content\/uploads\/2026\/03\/cropped-Barry4.jpg 1000w, https:\/\/www.kinosursee.ch\/wp-content\/uploads\/2026\/03\/cropped-Barry4-300x150.jpg 300w, https:\/\/www.kinosursee.ch\/wp-content\/uploads\/2026\/03\/cropped-Barry4-768x384.jpg 768w\" sizes=\"auto, (max-width: 1000px) 100vw, 1000px\" \/>\n                              <div class=\"h-image__frame h-hide-lg h-hide-md h-hide-sm style-1216-frameImage style-local-1409-c15-frameImage\"><\/div>\n                            <\/div>\n                          <\/div>\n                        <\/div>\n                      <\/div>\n                    <\/div>\n                  <\/div>\n                <\/div>\n              <\/div>\n            <\/div>\n          <\/div>\n        <\/div>\n      <\/div>\n    <\/div>\n  <\/div>\n<\/div>","protected":false},"excerpt":{"rendered":"<p>Mein Freund Barry Inmitten der malerischen Schweizer Berge strandet der 12-j\u00e4hrige Georg bei den M\u00f6nchen auf dem Grossen Sankt Bernhard Pass. Alles ist neu f\u00fcr ihn: die K\u00e4lte, die Stille und das ungewohnte Klosterleben. Doch schon bald entdeckt Georg, dass dieser besondere Ort voller kleiner Wunder steckt. Als er einen hilflosen Welpen findet, entsteht zwischen [&hellip;]<\/p>\n","protected":false},"author":1,"featured_media":0,"parent":0,"menu_order":0,"comment_status":"closed","ping_status":"closed","template":"page-templates\/full-width-page.php","meta":{"footnotes":""},"class_list":["post-1409","page","type-page","status-publish","hentry"],"_links":{"self":[{"href":"https:\/\/www.kinosursee.ch\/index.php?rest_route=\/wp\/v2\/pages\/1409","targetHints":{"allow":["GET"]}}],"collection":[{"href":"https:\/\/www.kinosursee.ch\/index.php?rest_route=\/wp\/v2\/pages"}],"about":[{"href":"https:\/\/www.kinosursee.ch\/index.php?rest_route=\/wp\/v2\/types\/page"}],"author":[{"embeddable":true,"href":"https:\/\/www.kinosursee.ch\/index.php?rest_route=\/wp\/v2\/users\/1"}],"replies":[{"embeddable":true,"href":"https:\/\/www.kinosursee.ch\/index.php?rest_route=%2Fwp%2Fv2%2Fcomments&post=1409"}],"version-history":[{"count":20,"href":"https:\/\/www.kinosursee.ch\/index.php?rest_route=\/wp\/v2\/pages\/1409\/revisions"}],"predecessor-version":[{"id":4396,"href":"https:\/\/www.kinosursee.ch\/index.php?rest_route=\/wp\/v2\/pages\/1409\/revisions\/4396"}],"wp:attachment":[{"href":"https:\/\/www.kinosursee.ch\/index.php?rest_route=%2Fwp%2Fv2%2Fmedia&parent=1409"}],"curies":[{"name":"wp","href":"https:\/\/api.w.org\/{rel}","templated":true}]}}