{"id":1419,"date":"2021-05-18T14:44:08","date_gmt":"2021-05-18T13:44:08","guid":{"rendered":"https:\/\/www.kinosursee.ch\/?page_id=1419"},"modified":"2026-03-14T13:27:56","modified_gmt":"2026-03-14T12:27:56","slug":"das-ist-der-sechste-film","status":"publish","type":"page","link":"https:\/\/www.kinosursee.ch\/?page_id=1419","title":{"rendered":"das ist der sechste Film"},"content":{"rendered":"<div data-colibri-id=\"1419-c1\" class=\"style-1031 style-local-1419-c1 position-relative\">\n  <!---->\n  <div data-colibri-component=\"section\" data-colibri-id=\"1419-c2\" id=\"about\" class=\"h-section h-section-global-spacing d-flex align-items-lg-center align-items-md-center align-items-center style-1032 style-local-1419-c2 position-relative\">\n    <!---->\n    <!---->\n    <div class=\"h-section-grid-container h-section-boxed-container\">\n      <!---->\n      <div data-colibri-id=\"1419-c3\" class=\"h-row-container gutters-row-lg-2 gutters-row-md-2 gutters-row-2 gutters-row-v-lg-2 gutters-row-v-md-2 gutters-row-v-2 style-1033 style-local-1419-c3 position-relative\">\n        <!---->\n        <div class=\"h-row justify-content-lg-center justify-content-md-center justify-content-center align-items-lg-center align-items-md-center align-items-center gutters-col-lg-2 gutters-col-md-2 gutters-col-2 gutters-col-v-lg-2 gutters-col-v-md-2 gutters-col-v-2\">\n          <!---->\n          <div class=\"h-column h-column-container d-flex h-col-lg-auto h-col-md-auto h-col-auto align-self-lg-center align-self-md-center align-self-center style-1034-outer style-local-1419-c4-outer\">\n            <div data-colibri-id=\"1419-c4\" class=\"d-flex h-flex-basis h-column__inner h-px-lg-0 h-px-md-0 h-px-0 v-inner-lg-0 v-inner-md-0 v-inner-0 style-1034 style-local-1419-c4 position-relative\">\n              <!---->\n              <!---->\n              <div class=\"w-100 h-y-container h-column__content h-column__v-align flex-basis-100 align-self-lg-center align-self-md-center align-self-center\">\n                <!---->\n                <div data-colibri-id=\"1419-c5\" class=\"h-row-container gutters-row-lg-0 gutters-row-md-0 gutters-row-0 gutters-row-v-lg-0 gutters-row-v-md-0 gutters-row-v-0 style-1035 style-local-1419-c5 position-relative\">\n                  <!---->\n                  <div class=\"h-row justify-content-lg-start justify-content-md-start justify-content-center align-items-lg-stretch align-items-md-stretch align-items-stretch gutters-col-lg-0 gutters-col-md-0 gutters-col-0 gutters-col-v-lg-0 gutters-col-v-md-0 gutters-col-v-0\">\n                    <!---->\n                    <div class=\"h-column h-column-container d-flex h-col-lg-auto h-col-md-auto h-col-auto style-1036-outer style-local-1419-c6-outer\">\n                      <div data-colibri-id=\"1419-c6\" class=\"d-flex h-flex-basis h-column__inner h-px-lg-0 h-px-md-0 h-px-0 v-inner-lg-0 v-inner-md-0 v-inner-0 style-1036 style-local-1419-c6 position-relative\">\n                        <!---->\n                        <!---->\n                        <div class=\"w-100 h-y-container h-column__content h-column__v-align flex-basis-auto align-self-lg-start align-self-md-start align-self-center\">\n                          <!---->\n                          <div data-colibri-id=\"1419-c7\" class=\"h-global-transition-all h-heading style-1037 style-local-1419-c7 position-relative h-element\">\n                            <!---->\n                            <div class=\"h-heading__outer style-1037 style-local-1419-c7\">\n                              <!---->\n                              <!---->\n                              <h4 class=\"\"><em style=\"color: rgb(32, 42, 84); font-family: &quot;Playfair Display&quot;;\">Sein letztes Rennen<\/em><\/h4>\n                            <\/div>\n                          <\/div>\n                        <\/div>\n                      <\/div>\n                    <\/div>\n                  <\/div>\n                <\/div>\n                <div data-colibri-id=\"1419-c8\" class=\"h-global-transition-all h-heading style-1038 style-local-1419-c8 position-relative h-element\">\n                  <!---->\n                  <div class=\"h-heading__outer style-1038 style-local-1419-c8\">\n                    <!---->\n                    <!---->\n                    <h6 class=\"\"><span style=\"font-weight: 300; font-size: 103%; color: rgb(32, 42, 84);\">Der ehemalige Marathonl\u00e4ufer und Olympiasieger von 1958, Paul Averhoff, \u00fcber 70 Jahre alt, verl\u00e4sst sein Zuhause. Seine Tochter Birgit kann sich nicht mehr um ihn und seine Frau Margot k\u00fcmmern und so ziehen sie ins Altersheim. Im Altersheim f\u00fchlt sich Paul unwohl, Basteln und Singen sind nicht Pauls Sache und er fragt sich, ob das alles war. Er beschliesst, f\u00fcr den Berlin-Marathon zu trainieren und zu gewinnen. Die anderen Bewohner halten ihn f\u00fcr verr\u00fcckt, doch mit Margots Unterst\u00fctzung f\u00e4ngt er wieder intensiv an zu trainieren und strebt danach, noch einmal den Marathon zu schaffen und durch die jubelnde Menge zu laufen. Als seine Frau stirbt, will Paul sein Versprechen an sie halten: das Rennen auch alleine zu beenden.<\/span><\/h6>\n                  <\/div>\n                <\/div>\n                <div data-colibri-id=\"1419-c9\" class=\"h-lead h-text h-text-component style-1039 style-local-1419-c9 position-relative h-element\">\n                  <!---->\n                  <!---->\n                  <div class=\"\">\n                    <p><span style=\"color: rgb(32, 42, 84); font-weight: 300; font-size: 83%; font-family: &quot;Open Sans&quot;;\">Filmgenre: Tragikom\u00f6die, Drama<\/span><em style=\"color: rgb(32, 42, 84); font-weight: 300; font-size: 83%; font-family: &quot;Playfair Display&quot;;\"><br><\/em>\n                      <span\n                        style=\"color: rgb(32, 42, 84); font-weight: 300; font-size: 83%; font-family: &quot;Open Sans&quot;;\">Regie: Kilian Riedhof\n                        <br>Erscheinungsjahr: 2013<\/span><em style=\"color: rgb(32, 42, 84); font-weight: 300; font-size: 83%; font-family: &quot;Playfair Display&quot;;\"><br><\/em><span style=\"color: rgb(32, 42, 84); font-weight: 300; font-size: 83%; font-family: &quot;Open Sans&quot;;\">L\u00e4nge: 155 Minuten<br> Sprache: Deutsch<\/span>\n                        <em\n                          style=\"color: rgb(32, 42, 84); font-weight: 300; font-size: 83%; font-family: &quot;Playfair Display&quot;;\">\n                          <br>\n                          <\/em><span style=\"color: rgb(32, 42, 84); font-weight: 300; font-size: 83%; font-family: &quot;Open Sans&quot;;\">Altersfreigabe: 6<\/span><\/p>\n                  <\/div>\n                <\/div>\n              <\/div>\n            <\/div>\n          <\/div>\n          <div class=\"h-column h-column-container d-flex h-col-lg-auto h-col-md-auto h-col-auto align-self-lg-center align-self-md-center align-self-center style-1041-outer style-local-1419-c10-outer\">\n            <div data-colibri-id=\"1419-c10\" class=\"d-flex h-flex-basis h-column__inner h-px-lg-0 h-px-md-0 h-px-0 v-inner-lg-0 v-inner-md-0 v-inner-0 style-1041 style-local-1419-c10 position-relative\">\n              <!---->\n              <!---->\n              <div class=\"w-100 h-y-container h-column__content h-column__v-align flex-basis-100 align-self-lg-center align-self-md-center align-self-center\">\n                <!---->\n                <div data-colibri-id=\"1419-c11\" class=\"h-multiple-image style-1042 style-local-1419-c11 position-relative h-element\">\n                  <!---->\n                  <div class=\"position-relative\">\n                    <div class=\"h-multiple-image-inside-container\">\n                      <div class=\"ratio-inner\">\n                        <div data-colibri-id=\"1419-c12\" class=\"d-block style-1043 style-local-1419-c12 position-relative h-element\">\n                          <!---->\n                          <div class=\"h-image__frame-container-outer\">\n                            <div class=\"h-image__frame-container\">\n                              <!---->\n                              <!---->\n                              <img loading=\"lazy\" decoding=\"async\" width=\"1367\" height=\"730\" src=\"https:\/\/www.kinosursee.ch\/wp-content\/uploads\/2026\/03\/cropped-Letztesrennen5.jpg\" class=\"style-1042-images style-local-1419-c11-images wp-image-4426 style-1043-image style-local-1419-c12-image\" alt=\"\" srcset=\"https:\/\/www.kinosursee.ch\/wp-content\/uploads\/2026\/03\/cropped-Letztesrennen5.jpg 1367w, https:\/\/www.kinosursee.ch\/wp-content\/uploads\/2026\/03\/cropped-Letztesrennen5-300x160.jpg 300w, https:\/\/www.kinosursee.ch\/wp-content\/uploads\/2026\/03\/cropped-Letztesrennen5-1024x547.jpg 1024w, https:\/\/www.kinosursee.ch\/wp-content\/uploads\/2026\/03\/cropped-Letztesrennen5-768x410.jpg 768w\" sizes=\"auto, (max-width: 1367px) 100vw, 1367px\" \/>\n                              <div class=\"h-image__frame h-hide-lg h-hide-md h-hide-sm style-1043-frameImage style-local-1419-c12-frameImage\"><\/div>\n                            <\/div>\n                          <\/div>\n                        <\/div>\n                        <div data-colibri-id=\"1419-c13\" class=\"d-block style-1044 style-local-1419-c13 position-relative h-element\">\n                          <!---->\n                          <div class=\"h-image__frame-container-outer\">\n                            <div class=\"h-image__frame-container\">\n                              <!---->\n                              <div class=\"h-image__overlay style-1044-overlay style-local-1419-c13-overlay\">\n                                <div class=\"overlay-layer\">\n                                  <div class=\"overlay-image-layer\" style=\"background-color: rgb(255, 255, 255); opacity: 0.5;\"><\/div>\n                                <\/div>\n                              <\/div>\n                              <img loading=\"lazy\" decoding=\"async\" width=\"937\" height=\"528\" src=\"https:\/\/www.kinosursee.ch\/wp-content\/uploads\/2026\/03\/cropped-cropped-Letztesrennen3.jpg\" class=\"style-1042-images style-local-1419-c11-images wp-image-4428 style-1044-image style-local-1419-c13-image\" alt=\"\" srcset=\"https:\/\/www.kinosursee.ch\/wp-content\/uploads\/2026\/03\/cropped-cropped-Letztesrennen3.jpg 937w, https:\/\/www.kinosursee.ch\/wp-content\/uploads\/2026\/03\/cropped-cropped-Letztesrennen3-300x169.jpg 300w, https:\/\/www.kinosursee.ch\/wp-content\/uploads\/2026\/03\/cropped-cropped-Letztesrennen3-768x433.jpg 768w\" sizes=\"auto, (max-width: 937px) 100vw, 937px\" \/>\n                              <div class=\"h-image__frame h-hide-lg h-hide-md h-hide-sm style-1044-frameImage style-local-1419-c13-frameImage\"><\/div>\n                            <\/div>\n                          <\/div>\n                        <\/div>\n                        <div data-colibri-id=\"1419-c14\" class=\"d-block style-1124 style-local-1419-c14 position-relative h-element\">\n                          <!---->\n                          <div class=\"h-image__frame-container-outer\">\n                            <div class=\"h-image__frame-container\">\n                              <!---->\n                              <!---->\n                              <img loading=\"lazy\" decoding=\"async\" width=\"991\" height=\"545\" src=\"https:\/\/www.kinosursee.ch\/wp-content\/uploads\/2026\/03\/cropped-cropped-Letztesrennen2.jpg\" class=\"style-1042-images style-local-1419-c11-images wp-image-4427 style-1124-image style-local-1419-c14-image\" alt=\"\" srcset=\"https:\/\/www.kinosursee.ch\/wp-content\/uploads\/2026\/03\/cropped-cropped-Letztesrennen2.jpg 991w, https:\/\/www.kinosursee.ch\/wp-content\/uploads\/2026\/03\/cropped-cropped-Letztesrennen2-300x165.jpg 300w, https:\/\/www.kinosursee.ch\/wp-content\/uploads\/2026\/03\/cropped-cropped-Letztesrennen2-768x422.jpg 768w\" sizes=\"auto, (max-width: 991px) 100vw, 991px\" \/>\n                              <div class=\"h-image__frame h-hide-lg h-hide-md h-hide-sm style-1124-frameImage style-local-1419-c14-frameImage\"><\/div>\n                            <\/div>\n                          <\/div>\n                        <\/div>\n                      <\/div>\n                    <\/div>\n                  <\/div>\n                <\/div>\n              <\/div>\n            <\/div>\n          <\/div>\n        <\/div>\n      <\/div>\n    <\/div>\n  <\/div>\n<\/div>","protected":false},"excerpt":{"rendered":"<p>Sein letztes Rennen Der ehemalige Marathonl\u00e4ufer und Olympiasieger von 1958, Paul Averhoff, \u00fcber 70 Jahre alt, verl\u00e4sst sein Zuhause. Seine Tochter Birgit kann sich nicht mehr um ihn und seine Frau Margot k\u00fcmmern und so ziehen sie ins Altersheim. Im Altersheim f\u00fchlt sich Paul unwohl, Basteln und Singen sind nicht Pauls Sache und er fragt [&hellip;]<\/p>\n","protected":false},"author":1,"featured_media":0,"parent":0,"menu_order":0,"comment_status":"closed","ping_status":"closed","template":"page-templates\/full-width-page.php","meta":{"footnotes":""},"class_list":["post-1419","page","type-page","status-publish","hentry"],"_links":{"self":[{"href":"https:\/\/www.kinosursee.ch\/index.php?rest_route=\/wp\/v2\/pages\/1419","targetHints":{"allow":["GET"]}}],"collection":[{"href":"https:\/\/www.kinosursee.ch\/index.php?rest_route=\/wp\/v2\/pages"}],"about":[{"href":"https:\/\/www.kinosursee.ch\/index.php?rest_route=\/wp\/v2\/types\/page"}],"author":[{"embeddable":true,"href":"https:\/\/www.kinosursee.ch\/index.php?rest_route=\/wp\/v2\/users\/1"}],"replies":[{"embeddable":true,"href":"https:\/\/www.kinosursee.ch\/index.php?rest_route=%2Fwp%2Fv2%2Fcomments&post=1419"}],"version-history":[{"count":11,"href":"https:\/\/www.kinosursee.ch\/index.php?rest_route=\/wp\/v2\/pages\/1419\/revisions"}],"predecessor-version":[{"id":4430,"href":"https:\/\/www.kinosursee.ch\/index.php?rest_route=\/wp\/v2\/pages\/1419\/revisions\/4430"}],"wp:attachment":[{"href":"https:\/\/www.kinosursee.ch\/index.php?rest_route=%2Fwp%2Fv2%2Fmedia&parent=1419"}],"curies":[{"name":"wp","href":"https:\/\/api.w.org\/{rel}","templated":true}]}}