{"id":4068,"date":"2026-01-02T19:11:41","date_gmt":"2026-01-02T18:11:41","guid":{"rendered":"https:\/\/www.kinosursee.ch\/?page_id=4068"},"modified":"2026-03-29T12:09:46","modified_gmt":"2026-03-29T11:09:46","slug":"umweltkino","status":"publish","type":"page","link":"https:\/\/www.kinosursee.ch\/?page_id=4068","title":{"rendered":"Umweltkino"},"content":{"rendered":"<div data-colibri-id=\"4068-c1\" class=\"style-1320 style-local-4068-c1 position-relative\">\n  <!---->\n  <div data-colibri-component=\"section\" data-colibri-id=\"4068-c2\" id=\"custom\" class=\"h-section h-section-global-spacing d-flex align-items-lg-center align-items-md-center align-items-center style-1490 style-local-4068-c2 position-relative\">\n    <!---->\n    <!---->\n    <div class=\"h-section-grid-container h-section-boxed-container\">\n      <!---->\n      <div data-colibri-id=\"4068-c3\" class=\"h-row-container gutters-row-lg-2 gutters-row-md-2 gutters-row-0 gutters-row-v-lg-2 gutters-row-v-md-2 gutters-row-v-2 style-1491 style-local-4068-c3 position-relative\">\n        <!---->\n        <div class=\"h-row justify-content-lg-center justify-content-md-center justify-content-center align-items-lg-stretch align-items-md-stretch align-items-stretch gutters-col-lg-2 gutters-col-md-2 gutters-col-0 gutters-col-v-lg-2 gutters-col-v-md-2 gutters-col-v-2\">\n          <!---->\n          <div class=\"h-column h-column-container d-flex h-col-lg-auto h-col-md-auto h-col-auto style-1492-outer style-local-4068-c4-outer\">\n            <div data-colibri-id=\"4068-c4\" class=\"d-flex h-flex-basis h-column__inner h-px-lg-2 h-px-md-2 h-px-2 v-inner-lg-2 v-inner-md-2 v-inner-2 style-1492 style-local-4068-c4 position-relative\">\n              <!---->\n              <!---->\n              <div class=\"w-100 h-y-container h-column__content h-column__v-align flex-basis-100 align-self-lg-start align-self-md-start align-self-start\">\n                <!---->\n                <div data-colibri-id=\"4068-c5\" class=\"h-global-transition-all h-heading style-960 style-local-4068-c5 position-relative h-element\">\n                  <!---->\n                  <div class=\"h-heading__outer style-960 style-local-4068-c5\">\n                    <!---->\n                    <!---->\n                    <h4 class=\"\"><em style=\"color: rgb(32, 42, 84);\">Das geheime Leben der B\u00e4ume<\/em><\/h4>\n                  <\/div>\n                <\/div>\n                <div data-colibri-id=\"4068-c6\" class=\"h-text h-text-component style-1495 style-local-4068-c6 position-relative h-element\">\n                  <!---->\n                  <!---->\n                  <div class=\"\">\n                    <p>\n                      <br><span style=\"color: rgb(32, 42, 84); font-family: &quot;Open Sans&quot;; font-size: 16px; font-weight: 300;\">J\u00f6rg Adolph begleitet den F\u00f6rster und Bestsellerautor Peter Wohlleben \u00fcber mehrere Monate bei seinen beruflichen t\u00e4tigkeiten Waldf\u00fchrungen, TV-Auftritten, Vortr\u00e4ge, Begegnungen mit Politikern und Klimaaktivisten. Auf einer zweiten Ebene er\u00f6ffnet sein Film dem Zuschauer mittels eingeflochtener Naturaufnahmen Einblicke in das, wovon Wohlleben in seinem Sachbuch gleichen Titels berichtet: Dass B\u00e4ume lebendig sind, sich miteinander vernetzen und kommunizieren. Und dass der Mensch im Umgang mit der Umwelt radikal umzudenken hat.<\/span><\/p>\n                  <\/div>\n                <\/div>\n                <div data-colibri-id=\"4068-c7\" class=\"h-lead h-text h-text-component style-1501 style-local-4068-c7 position-relative h-element\">\n                  <!---->\n                  <!---->\n                  <div class=\"\">\n                    <p><span style=\"color: rgb(32, 42, 84);\"><br>Filmgenre: Dokumentarfilm<\/span><\/p>\n                    <p><span style=\"color: rgb(32, 42, 84);\">Regie: J\u00f6rg Adolph, Jan Haft<\/span><\/p>\n                    <p><span style=\"color: rgb(32, 42, 84);\">Erscheinungsjahr: 2019<\/span><\/p>\n                    <p><span style=\"color: rgb(32, 42, 84);\">L\u00e4nge: 96 Minuten<\/span><\/p>\n                    <p><span style=\"color: rgb(32, 42, 84);\">Sprache: Deutsch<\/span><\/p>\n                    <p><span style=\"color: rgb(32, 42, 84);\">Altersfreigabe: 0<\/span><\/p>\n                  <\/div>\n                <\/div>\n              <\/div>\n            <\/div>\n          <\/div>\n          <div class=\"h-column h-column-container d-flex h-col-lg-auto h-col-md-auto h-col-auto style-1493-outer style-local-4068-c8-outer\">\n            <div data-colibri-id=\"4068-c8\" class=\"d-flex h-flex-basis h-column__inner h-px-lg-2 h-px-md-2 h-px-2 v-inner-lg-2 v-inner-md-2 v-inner-2 style-1493 style-local-4068-c8 position-relative\">\n              <!---->\n              <!---->\n              <div class=\"w-100 h-y-container h-column__content h-column__v-align flex-basis-100 align-self-lg-start align-self-md-start align-self-start\">\n                <!---->\n                <div data-colibri-id=\"4068-c9\" class=\"h-multiple-image style-965 style-local-4068-c9 position-relative h-element\">\n                  <!---->\n                  <div class=\"position-relative\">\n                    <div class=\"h-multiple-image-inside-container\">\n                      <div class=\"ratio-inner\">\n                        <div data-colibri-id=\"4068-c10\" class=\"d-block style-966 style-local-4068-c10 position-relative h-element\">\n                          <!---->\n                          <div class=\"h-image__frame-container-outer\">\n                            <div class=\"h-image__frame-container\">\n                              <!---->\n                              <!---->\n                              <img loading=\"lazy\" decoding=\"async\" width=\"1600\" height=\"900\" src=\"https:\/\/www.kinosursee.ch\/wp-content\/uploads\/2026\/03\/cropped-geheimebaeume4.jpg\" class=\"style-965-images style-local-4068-c9-images wp-image-4601 style-966-image style-local-4068-c10-image\" alt=\"\" srcset=\"https:\/\/www.kinosursee.ch\/wp-content\/uploads\/2026\/03\/cropped-geheimebaeume4.jpg 1600w, https:\/\/www.kinosursee.ch\/wp-content\/uploads\/2026\/03\/cropped-geheimebaeume4-300x169.jpg 300w, https:\/\/www.kinosursee.ch\/wp-content\/uploads\/2026\/03\/cropped-geheimebaeume4-1024x576.jpg 1024w, https:\/\/www.kinosursee.ch\/wp-content\/uploads\/2026\/03\/cropped-geheimebaeume4-768x432.jpg 768w, https:\/\/www.kinosursee.ch\/wp-content\/uploads\/2026\/03\/cropped-geheimebaeume4-1536x864.jpg 1536w\" sizes=\"auto, (max-width: 1600px) 100vw, 1600px\" \/>\n                              <div class=\"h-image__frame h-hide-lg h-hide-md h-hide-sm style-966-frameImage style-local-4068-c10-frameImage\"><\/div>\n                            <\/div>\n                          <\/div>\n                        <\/div>\n                        <div data-colibri-id=\"4068-c11\" class=\"d-block style-967 style-local-4068-c11 position-relative h-element\">\n                          <!---->\n                          <div class=\"h-image__frame-container-outer\">\n                            <div class=\"h-image__frame-container\">\n                              <!---->\n                              <div class=\"h-image__overlay style-967-overlay style-local-4068-c11-overlay\">\n                                <div class=\"overlay-layer\">\n                                  <div class=\"overlay-image-layer\" style=\"background-color: rgb(255, 255, 255); opacity: 0.5;\"><\/div>\n                                <\/div>\n                              <\/div>\n                              <img loading=\"lazy\" decoding=\"async\" width=\"1548\" height=\"994\" src=\"https:\/\/www.kinosursee.ch\/wp-content\/uploads\/2026\/03\/cropped-geheimebaeume1.jpg\" class=\"style-965-images style-local-4068-c9-images wp-image-4597 style-967-image style-local-4068-c11-image\" alt=\"\" srcset=\"https:\/\/www.kinosursee.ch\/wp-content\/uploads\/2026\/03\/cropped-geheimebaeume1.jpg 1548w, https:\/\/www.kinosursee.ch\/wp-content\/uploads\/2026\/03\/cropped-geheimebaeume1-300x193.jpg 300w, https:\/\/www.kinosursee.ch\/wp-content\/uploads\/2026\/03\/cropped-geheimebaeume1-1024x658.jpg 1024w, https:\/\/www.kinosursee.ch\/wp-content\/uploads\/2026\/03\/cropped-geheimebaeume1-768x493.jpg 768w, https:\/\/www.kinosursee.ch\/wp-content\/uploads\/2026\/03\/cropped-geheimebaeume1-1536x986.jpg 1536w\" sizes=\"auto, (max-width: 1548px) 100vw, 1548px\" \/>\n                              <div class=\"h-image__frame h-hide-lg h-hide-md h-hide-sm style-967-frameImage style-local-4068-c11-frameImage\"><\/div>\n                            <\/div>\n                          <\/div>\n                        <\/div>\n                        <div data-colibri-id=\"4068-c12\" class=\"d-block style-1121 style-local-4068-c12 position-relative h-element\">\n                          <!---->\n                          <div class=\"h-image__frame-container-outer\">\n                            <div class=\"h-image__frame-container\">\n                              <!---->\n                              <!---->\n                              <img loading=\"lazy\" decoding=\"async\" width=\"1600\" height=\"900\" src=\"https:\/\/www.kinosursee.ch\/wp-content\/uploads\/2026\/03\/cropped-geheimebaeume3.jpg\" class=\"style-965-images style-local-4068-c9-images wp-image-4599 style-1121-image style-local-4068-c12-image\" alt=\"\" srcset=\"https:\/\/www.kinosursee.ch\/wp-content\/uploads\/2026\/03\/cropped-geheimebaeume3.jpg 1600w, https:\/\/www.kinosursee.ch\/wp-content\/uploads\/2026\/03\/cropped-geheimebaeume3-300x169.jpg 300w, https:\/\/www.kinosursee.ch\/wp-content\/uploads\/2026\/03\/cropped-geheimebaeume3-1024x576.jpg 1024w, https:\/\/www.kinosursee.ch\/wp-content\/uploads\/2026\/03\/cropped-geheimebaeume3-768x432.jpg 768w, https:\/\/www.kinosursee.ch\/wp-content\/uploads\/2026\/03\/cropped-geheimebaeume3-1536x864.jpg 1536w\" sizes=\"auto, (max-width: 1600px) 100vw, 1600px\" \/>\n                              <div class=\"h-image__frame h-hide-lg h-hide-md h-hide-sm style-1121-frameImage style-local-4068-c12-frameImage\"><\/div>\n                            <\/div>\n                          <\/div>\n                        <\/div>\n                      <\/div>\n                    <\/div>\n                  <\/div>\n                <\/div>\n              <\/div>\n            <\/div>\n          <\/div>\n        <\/div>\n      <\/div>\n    <\/div>\n  <\/div>\n<\/div>","protected":false},"excerpt":{"rendered":"<p>Das geheime Leben der B\u00e4ume J\u00f6rg Adolph begleitet den F\u00f6rster und Bestsellerautor Peter Wohlleben \u00fcber mehrere Monate bei seinen beruflichen t\u00e4tigkeiten Waldf\u00fchrungen, TV-Auftritten, Vortr\u00e4ge, Begegnungen mit Politikern und Klimaaktivisten. Auf einer zweiten Ebene er\u00f6ffnet sein Film dem Zuschauer mittels eingeflochtener Naturaufnahmen Einblicke in das, wovon Wohlleben in seinem Sachbuch gleichen Titels berichtet: Dass B\u00e4ume lebendig [&hellip;]<\/p>\n","protected":false},"author":2,"featured_media":0,"parent":0,"menu_order":0,"comment_status":"closed","ping_status":"closed","template":"page-templates\/full-width-page.php","meta":{"footnotes":""},"class_list":["post-4068","page","type-page","status-publish","hentry"],"_links":{"self":[{"href":"https:\/\/www.kinosursee.ch\/index.php?rest_route=\/wp\/v2\/pages\/4068","targetHints":{"allow":["GET"]}}],"collection":[{"href":"https:\/\/www.kinosursee.ch\/index.php?rest_route=\/wp\/v2\/pages"}],"about":[{"href":"https:\/\/www.kinosursee.ch\/index.php?rest_route=\/wp\/v2\/types\/page"}],"author":[{"embeddable":true,"href":"https:\/\/www.kinosursee.ch\/index.php?rest_route=\/wp\/v2\/users\/2"}],"replies":[{"embeddable":true,"href":"https:\/\/www.kinosursee.ch\/index.php?rest_route=%2Fwp%2Fv2%2Fcomments&post=4068"}],"version-history":[{"count":6,"href":"https:\/\/www.kinosursee.ch\/index.php?rest_route=\/wp\/v2\/pages\/4068\/revisions"}],"predecessor-version":[{"id":4623,"href":"https:\/\/www.kinosursee.ch\/index.php?rest_route=\/wp\/v2\/pages\/4068\/revisions\/4623"}],"wp:attachment":[{"href":"https:\/\/www.kinosursee.ch\/index.php?rest_route=%2Fwp%2Fv2%2Fmedia&parent=4068"}],"curies":[{"name":"wp","href":"https:\/\/api.w.org\/{rel}","templated":true}]}}