{"id":987,"date":"2021-01-11T20:43:50","date_gmt":"2021-01-11T19:43:50","guid":{"rendered":"https:\/\/www.kinosursee.ch\/?page_id=987"},"modified":"2026-03-29T12:05:26","modified_gmt":"2026-03-29T11:05:26","slug":"das-ist-der-erste-film","status":"publish","type":"page","link":"https:\/\/www.kinosursee.ch\/?page_id=987","title":{"rendered":"Das ist der erste Film"},"content":{"rendered":"<div data-colibri-id=\"987-c1\" class=\"style-920 style-local-987-c1 position-relative\">\n  <!---->\n  <div data-colibri-component=\"section\" data-colibri-id=\"987-c2\" id=\"about\" class=\"h-section h-section-global-spacing d-flex align-items-lg-center align-items-md-center align-items-center style-955 style-local-987-c2 position-relative\">\n    <!---->\n    <!---->\n    <div class=\"h-section-grid-container h-section-boxed-container\">\n      <!---->\n      <div data-colibri-id=\"987-c3\" class=\"h-row-container gutters-row-lg-2 gutters-row-md-2 gutters-row-2 gutters-row-v-lg-2 gutters-row-v-md-2 gutters-row-v-2 style-956 style-local-987-c3 position-relative\">\n        <!---->\n        <div class=\"h-row justify-content-lg-center justify-content-md-center justify-content-center align-items-lg-center align-items-md-center align-items-center gutters-col-lg-2 gutters-col-md-2 gutters-col-2 gutters-col-v-lg-2 gutters-col-v-md-2 gutters-col-v-2\">\n          <!---->\n          <div class=\"h-column h-column-container d-flex h-col-lg-auto h-col-md-auto h-col-auto align-self-lg-center align-self-md-center align-self-center style-957-outer style-local-987-c4-outer\">\n            <div data-colibri-id=\"987-c4\" class=\"d-flex h-flex-basis h-column__inner h-px-lg-0 h-px-md-0 h-px-0 v-inner-lg-0 v-inner-md-0 v-inner-0 style-957 style-local-987-c4 position-relative\">\n              <!---->\n              <!---->\n              <div class=\"w-100 h-y-container h-column__content h-column__v-align flex-basis-100 align-self-lg-center align-self-md-center align-self-center\">\n                <!---->\n                <div data-colibri-id=\"987-c5\" class=\"h-row-container gutters-row-lg-0 gutters-row-md-0 gutters-row-0 gutters-row-v-lg-0 gutters-row-v-md-0 gutters-row-v-0 style-958 style-local-987-c5 position-relative\">\n                  <!---->\n                  <div class=\"h-row justify-content-lg-start justify-content-md-start justify-content-center align-items-lg-stretch align-items-md-stretch align-items-stretch gutters-col-lg-0 gutters-col-md-0 gutters-col-0 gutters-col-v-lg-0 gutters-col-v-md-0 gutters-col-v-0\">\n                    <!---->\n                    <div class=\"h-column h-column-container d-flex h-col-lg-auto h-col-md-auto h-col-auto style-959-outer style-local-987-c6-outer\">\n                      <div data-colibri-id=\"987-c6\" class=\"d-flex h-flex-basis h-column__inner h-px-lg-0 h-px-md-0 h-px-0 v-inner-lg-0 v-inner-md-0 v-inner-0 style-959 style-local-987-c6 position-relative\">\n                        <!---->\n                        <!---->\n                        <div class=\"w-100 h-y-container h-column__content h-column__v-align flex-basis-auto align-self-lg-start align-self-md-start align-self-center\">\n                          <!---->\n                          <div data-colibri-id=\"987-c7\" class=\"h-global-transition-all h-heading style-960 style-local-987-c7 position-relative h-element\">\n                            <!---->\n                            <div class=\"h-heading__outer style-960 style-local-987-c7\">\n                              <!---->\n                              <!---->\n                              <h4 class=\"\"><em style=\"color: rgb(32, 42, 84); font-family: &quot;Playfair Display&quot;;\">Ewigi Liebi<\/em><\/h4>\n                            <\/div>\n                          <\/div>\n                        <\/div>\n                      <\/div>\n                    <\/div>\n                  <\/div>\n                <\/div>\n                <div data-colibri-id=\"987-c8\" class=\"h-global-transition-all h-heading style-961 style-local-987-c8 position-relative h-element\">\n                  <!---->\n                  <div class=\"h-heading__outer style-961 style-local-987-c8\">\n                    <!---->\n                    <!---->\n                    <h6 class=\"\"><span style=\"font-weight: 300; color: rgb(32, 42, 84);\">Heidi und Daneli sind Anfang 50, als sie sich nach 30 Jahren wieder begegnen. Beide stammen aus Trueb im Emmental und waren ineinander verliebt, bis sich ihre Wege trennten, weil sich Daneli nach einer L\u00fcge seines Bandkumpels Ferdinand auf eine Nacht mit der Dorfsch\u00f6nheit Sabe einliess. Doch Heidi erwischte sie, wendete sich von Daneli ab und heiratete Ferdinand. Heute f\u00fchrt Daneli einen Musik-Plattenladen in Z\u00fcrich, muss diesen aber wegen Sanierung r\u00e4umen. Bauherrin ist ausgerechnet Heidi, die mit Ferdinand eine Immobilienfirma f\u00fchrt. So begegnen sich die beiden wieder und w\u00fcrden alles daf\u00fcr geben, k\u00f6nnten sie die Zeit zur\u00fcckdrehen.<\/span><\/h6>\n                  <\/div>\n                <\/div>\n                <div data-colibri-id=\"987-c9\" class=\"h-lead h-text h-text-component style-1489 style-local-987-c9 position-relative h-element\">\n                  <!---->\n                  <!---->\n                  <div class=\"\">\n                    <p><span style=\"font-size: 83%; font-family: &quot;Open Sans&quot;; font-weight: 300; color: rgb(32, 42, 84);\">Filmgenre: Romantische Kom\u00f6die, Musical<\/span><span style=\"font-size: 83%; font-family: &quot;Open Sans&quot;; color: rgb(32, 42, 84);\"><br>Regie: Pierre Monnard<br>Erscheiungsjahr: 2026<br>L\u00e4nge: 105 Minuten<br><\/span>\n                      <span\n                        style=\"font-size: 83%; font-family: &quot;Open Sans&quot;; color: rgb(32, 42, 84); font-weight: 300;\">Sprache: Schweizerdeutsch<\/span><span style=\"font-size: 83%; font-family: &quot;Open Sans&quot;; color: rgb(32, 42, 84);\"><br>Altersfreigabe: 8<\/span><\/p>\n                  <\/div>\n                <\/div>\n              <\/div>\n            <\/div>\n          <\/div>\n          <div class=\"h-column h-column-container d-flex h-col-lg-auto h-col-md-auto h-col-auto align-self-lg-center align-self-md-center align-self-center style-964-outer style-local-987-c10-outer\">\n            <div data-colibri-id=\"987-c10\" class=\"d-flex h-flex-basis h-column__inner h-px-lg-0 h-px-md-0 h-px-0 v-inner-lg-0 v-inner-md-0 v-inner-0 style-964 style-local-987-c10 position-relative\">\n              <!---->\n              <!---->\n              <div class=\"w-100 h-y-container h-column__content h-column__v-align flex-basis-100 align-self-lg-center align-self-md-center align-self-center\">\n                <!---->\n                <div data-colibri-id=\"987-c11\" class=\"h-multiple-image style-965 style-local-987-c11 position-relative h-element\">\n                  <!---->\n                  <div class=\"position-relative\">\n                    <div class=\"h-multiple-image-inside-container\">\n                      <div class=\"ratio-inner\">\n                        <div data-colibri-id=\"987-c12\" class=\"d-block style-966 style-local-987-c12 position-relative h-element\">\n                          <!---->\n                          <div class=\"h-image__frame-container-outer\">\n                            <div class=\"h-image__frame-container\">\n                              <!---->\n                              <!---->\n                              <img loading=\"lazy\" decoding=\"async\" width=\"855\" height=\"524\" src=\"https:\/\/www.kinosursee.ch\/wp-content\/uploads\/2026\/03\/cropped-Ewigiliebi4.jpg\" class=\"style-965-images style-local-987-c11-images wp-image-4339 style-966-image style-local-987-c12-image\" alt=\"\" srcset=\"https:\/\/www.kinosursee.ch\/wp-content\/uploads\/2026\/03\/cropped-Ewigiliebi4.jpg 855w, https:\/\/www.kinosursee.ch\/wp-content\/uploads\/2026\/03\/cropped-Ewigiliebi4-300x184.jpg 300w, https:\/\/www.kinosursee.ch\/wp-content\/uploads\/2026\/03\/cropped-Ewigiliebi4-768x471.jpg 768w\" sizes=\"auto, (max-width: 855px) 100vw, 855px\" \/>\n                              <div class=\"h-image__frame h-hide-lg h-hide-md h-hide-sm style-966-frameImage style-local-987-c12-frameImage\"><\/div>\n                            <\/div>\n                          <\/div>\n                        <\/div>\n                        <div data-colibri-id=\"987-c13\" class=\"d-block style-967 style-local-987-c13 position-relative h-element\">\n                          <!---->\n                          <div class=\"h-image__frame-container-outer\">\n                            <div class=\"h-image__frame-container\">\n                              <!---->\n                              <div class=\"h-image__overlay style-967-overlay style-local-987-c13-overlay\">\n                                <div class=\"overlay-layer\">\n                                  <div class=\"overlay-image-layer\" style=\"background-color: rgb(255, 255, 255); opacity: 0.5;\"><\/div>\n                                <\/div>\n                              <\/div>\n                              <img loading=\"lazy\" decoding=\"async\" width=\"906\" height=\"500\" src=\"https:\/\/www.kinosursee.ch\/wp-content\/uploads\/2026\/03\/cropped-Ewigiliebi2.jpg\" class=\"style-965-images style-local-987-c11-images wp-image-4337 style-967-image style-local-987-c13-image\" alt=\"\" srcset=\"https:\/\/www.kinosursee.ch\/wp-content\/uploads\/2026\/03\/cropped-Ewigiliebi2.jpg 906w, https:\/\/www.kinosursee.ch\/wp-content\/uploads\/2026\/03\/cropped-Ewigiliebi2-300x166.jpg 300w, https:\/\/www.kinosursee.ch\/wp-content\/uploads\/2026\/03\/cropped-Ewigiliebi2-768x424.jpg 768w\" sizes=\"auto, (max-width: 906px) 100vw, 906px\" \/>\n                              <div class=\"h-image__frame h-hide-lg h-hide-md h-hide-sm style-967-frameImage style-local-987-c13-frameImage\"><\/div>\n                            <\/div>\n                          <\/div>\n                        <\/div>\n                        <div data-colibri-id=\"987-c14\" class=\"d-block style-1121 style-local-987-c14 position-relative h-element\">\n                          <!---->\n                          <div class=\"h-image__frame-container-outer\">\n                            <div class=\"h-image__frame-container\">\n                              <!---->\n                              <!---->\n                              <img loading=\"lazy\" decoding=\"async\" width=\"495\" height=\"549\" src=\"https:\/\/www.kinosursee.ch\/wp-content\/uploads\/2026\/03\/cropped-Ewigiliebi3.jpg\" class=\"style-965-images style-local-987-c11-images wp-image-4341 style-1121-image style-local-987-c14-image\" alt=\"\" srcset=\"https:\/\/www.kinosursee.ch\/wp-content\/uploads\/2026\/03\/cropped-Ewigiliebi3.jpg 495w, https:\/\/www.kinosursee.ch\/wp-content\/uploads\/2026\/03\/cropped-Ewigiliebi3-270x300.jpg 270w\" sizes=\"auto, (max-width: 495px) 100vw, 495px\" \/>\n                              <div class=\"h-image__frame h-hide-lg h-hide-md h-hide-sm style-1121-frameImage style-local-987-c14-frameImage\"><\/div>\n                            <\/div>\n                          <\/div>\n                        <\/div>\n                      <\/div>\n                    <\/div>\n                  <\/div>\n                <\/div>\n              <\/div>\n            <\/div>\n          <\/div>\n        <\/div>\n      <\/div>\n    <\/div>\n  <\/div>\n<\/div>","protected":false},"excerpt":{"rendered":"<p>Ewigi Liebi Heidi und Daneli sind Anfang 50, als sie sich nach 30 Jahren wieder begegnen. Beide stammen aus Trueb im Emmental und waren ineinander verliebt, bis sich ihre Wege trennten, weil sich Daneli nach einer L\u00fcge seines Bandkumpels Ferdinand auf eine Nacht mit der Dorfsch\u00f6nheit Sabe einliess. Doch Heidi erwischte sie, wendete sich von [&hellip;]<\/p>\n","protected":false},"author":1,"featured_media":0,"parent":0,"menu_order":0,"comment_status":"closed","ping_status":"closed","template":"page-templates\/full-width-page.php","meta":{"footnotes":""},"class_list":["post-987","page","type-page","status-publish","hentry"],"_links":{"self":[{"href":"https:\/\/www.kinosursee.ch\/index.php?rest_route=\/wp\/v2\/pages\/987","targetHints":{"allow":["GET"]}}],"collection":[{"href":"https:\/\/www.kinosursee.ch\/index.php?rest_route=\/wp\/v2\/pages"}],"about":[{"href":"https:\/\/www.kinosursee.ch\/index.php?rest_route=\/wp\/v2\/types\/page"}],"author":[{"embeddable":true,"href":"https:\/\/www.kinosursee.ch\/index.php?rest_route=\/wp\/v2\/users\/1"}],"replies":[{"embeddable":true,"href":"https:\/\/www.kinosursee.ch\/index.php?rest_route=%2Fwp%2Fv2%2Fcomments&post=987"}],"version-history":[{"count":20,"href":"https:\/\/www.kinosursee.ch\/index.php?rest_route=\/wp\/v2\/pages\/987\/revisions"}],"predecessor-version":[{"id":4609,"href":"https:\/\/www.kinosursee.ch\/index.php?rest_route=\/wp\/v2\/pages\/987\/revisions\/4609"}],"wp:attachment":[{"href":"https:\/\/www.kinosursee.ch\/index.php?rest_route=%2Fwp%2Fv2%2Fmedia&parent=987"}],"curies":[{"name":"wp","href":"https:\/\/api.w.org\/{rel}","templated":true}]}}